{"id":2,"date":"2023-06-12T15:47:10","date_gmt":"2023-06-12T15:47:10","guid":{"rendered":"https:\/\/ashtangayogabh.com.br\/?page_id=2"},"modified":"2023-09-14T20:51:24","modified_gmt":"2023-09-14T20:51:24","slug":"ashtanga-yoga-bh","status":"publish","type":"page","link":"https:\/\/ashtangayogabh.com.br\/en\/","title":{"rendered":"Ashtanga Yoga BH"},"content":{"rendered":"\t\t<div data-elementor-type=\"wp-page\" data-elementor-id=\"2\" class=\"elementor elementor-2\">\n\t\t\t\t<div class=\"elementor-element elementor-element-af3c8f8 altura-home e-flex e-con-boxed e-con e-parent\" data-id=\"af3c8f8\" data-element_type=\"container\" data-e-type=\"container\">\n\t\t\t\t\t<div class=\"e-con-inner\">\n\t\t\t\t<div class=\"elementor-element elementor-element-f23387c frase-home elementor-widget elementor-widget-text-editor\" data-id=\"f23387c\" data-element_type=\"widget\" data-e-type=\"widget\" data-widget_type=\"text-editor.default\">\n\t\t\t\t<div class=\"elementor-widget-container\">\n\t\t\t\t\t\t\t\t\t<p>We can&#8217;t change the world if we don&#8217;t change ourselves. Inner transformation is a path that begins with the health of the body and balance of the mind, so that we can then access our greatest potential, love.\u201d<\/p><p>Welcome to Yoga!<\/p>\t\t\t\t\t\t\t\t<\/div>\n\t\t\t\t<\/div>\n\t\t\t\t<div class=\"elementor-element elementor-element-a10e6d7 junior-home elementor-widget elementor-widget-heading\" data-id=\"a10e6d7\" data-element_type=\"widget\" data-e-type=\"widget\" data-widget_type=\"heading.default\">\n\t\t\t\t<div class=\"elementor-widget-container\">\n\t\t\t\t\t<h5 class=\"elementor-heading-title elementor-size-default\">| JUNIOR BY JAY<\/h5>\t\t\t\t<\/div>\n\t\t\t\t<\/div>\n\t\t\t\t\t<\/div>\n\t\t\t\t<\/div>\n\t\t\t\t<\/div>\n\t\t","protected":false},"excerpt":{"rendered":"<p>We can&#8217;t change the world if we don&#8217;t change ourselves. Inner transformation is a path that begins with the health of the body and balance of the mind, so that we can then access our greatest potential, love.\u201d Welcome to Yoga! | JUNIOR BY JAY<\/p>\n","protected":false},"author":2,"featured_media":0,"parent":0,"menu_order":0,"comment_status":"closed","ping_status":"closed","template":"","meta":{"_joinchat":[],"footnotes":""},"class_list":["post-2","page","type-page","status-publish","hentry"],"yoast_head":"<!-- This site is optimized with the Yoast SEO plugin v27.6 - https:\/\/yoast.com\/product\/yoast-seo-wordpress\/ -->\n<title>Ashtanga Yoga BH - Ashtanga Yoga BH<\/title>\n<meta name=\"description\" content=\"Goura Shala \u00e9 um est\u00fadio de Ashtanga Yoga situado num lugar acess\u00edvel e agrad\u00e1vel na regi\u00e3o central de Belo Horizonte.\" \/>\n<meta name=\"robots\" content=\"index, follow, max-snippet:-1, max-image-preview:large, max-video-preview:-1\" \/>\n<link rel=\"canonical\" href=\"https:\/\/ashtangayogabh.com.br\/\" \/>\n<meta property=\"og:locale\" content=\"en_US\" \/>\n<meta property=\"og:type\" content=\"article\" \/>\n<meta property=\"og:title\" content=\"Ashtanga Yoga BH - Ashtanga Yoga BH\" \/>\n<meta property=\"og:description\" content=\"Goura Shala \u00e9 um est\u00fadio de Ashtanga Yoga situado num lugar acess\u00edvel e agrad\u00e1vel na regi\u00e3o central de Belo Horizonte.\" \/>\n<meta property=\"og:url\" content=\"https:\/\/ashtangayogabh.com.br\/\" \/>\n<meta property=\"og:site_name\" content=\"Ashtanga Yoga BH\" \/>\n<meta property=\"article:publisher\" content=\"https:\/\/www.facebook.com\/yogabh\" \/>\n<meta property=\"article:modified_time\" content=\"2023-09-14T20:51:24+00:00\" \/>\n<meta name=\"twitter:card\" content=\"summary_large_image\" \/>\n<meta name=\"twitter:label1\" content=\"Est. reading time\" \/>\n\t<meta name=\"twitter:data1\" content=\"1 minute\" \/>\n<script type=\"application\/ld+json\" class=\"yoast-schema-graph\">{\"@context\":\"https:\\\/\\\/schema.org\",\"@graph\":[{\"@type\":\"WebPage\",\"@id\":\"https:\\\/\\\/ashtangayogabh.com.br\\\/\",\"url\":\"https:\\\/\\\/ashtangayogabh.com.br\\\/\",\"name\":\"Ashtanga Yoga BH - Ashtanga Yoga BH\",\"isPartOf\":{\"@id\":\"https:\\\/\\\/ashtangayogabh.com.br\\\/#website\"},\"datePublished\":\"2023-06-12T15:47:10+00:00\",\"dateModified\":\"2023-09-14T20:51:24+00:00\",\"description\":\"Goura Shala \u00e9 um est\u00fadio de Ashtanga Yoga situado num lugar acess\u00edvel e agrad\u00e1vel na regi\u00e3o central de Belo Horizonte.\",\"breadcrumb\":{\"@id\":\"https:\\\/\\\/ashtangayogabh.com.br\\\/#breadcrumb\"},\"inLanguage\":\"en-US\",\"potentialAction\":[{\"@type\":\"ReadAction\",\"target\":[\"https:\\\/\\\/ashtangayogabh.com.br\\\/\"]}]},{\"@type\":\"BreadcrumbList\",\"@id\":\"https:\\\/\\\/ashtangayogabh.com.br\\\/#breadcrumb\",\"itemListElement\":[{\"@type\":\"ListItem\",\"position\":1,\"name\":\"In\u00edcio\",\"item\":\"https:\\\/\\\/ashtangayogabh.com.br\\\/\"},{\"@type\":\"ListItem\",\"position\":2,\"name\":\"Ashtanga Yoga BH\"}]},{\"@type\":\"WebSite\",\"@id\":\"https:\\\/\\\/ashtangayogabh.com.br\\\/#website\",\"url\":\"https:\\\/\\\/ashtangayogabh.com.br\\\/\",\"name\":\"Ashtanga Yoga BH\",\"description\":\"Ashtanga Yoga | Belo Horizonte\",\"publisher\":{\"@id\":\"https:\\\/\\\/ashtangayogabh.com.br\\\/#organization\"},\"alternateName\":\"Ashtanga Yoga Belo Horizonte\",\"potentialAction\":[{\"@type\":\"SearchAction\",\"target\":{\"@type\":\"EntryPoint\",\"urlTemplate\":\"https:\\\/\\\/ashtangayogabh.com.br\\\/?s={search_term_string}\"},\"query-input\":{\"@type\":\"PropertyValueSpecification\",\"valueRequired\":true,\"valueName\":\"search_term_string\"}}],\"inLanguage\":\"en-US\"},{\"@type\":\"Organization\",\"@id\":\"https:\\\/\\\/ashtangayogabh.com.br\\\/#organization\",\"name\":\"Ashtanga Yoga BH\",\"alternateName\":\"Ashtanga Yoga Belo Horizonte\",\"url\":\"https:\\\/\\\/ashtangayogabh.com.br\\\/\",\"logo\":{\"@type\":\"ImageObject\",\"inLanguage\":\"en-US\",\"@id\":\"https:\\\/\\\/ashtangayogabh.com.br\\\/#\\\/schema\\\/logo\\\/image\\\/\",\"url\":\"https:\\\/\\\/ashtangayogabh.com.br\\\/wp-content\\\/uploads\\\/2023\\\/07\\\/logo-gourashala-100.png\",\"contentUrl\":\"https:\\\/\\\/ashtangayogabh.com.br\\\/wp-content\\\/uploads\\\/2023\\\/07\\\/logo-gourashala-100.png\",\"width\":148,\"height\":100,\"caption\":\"Ashtanga Yoga BH\"},\"image\":{\"@id\":\"https:\\\/\\\/ashtangayogabh.com.br\\\/#\\\/schema\\\/logo\\\/image\\\/\"},\"sameAs\":[\"https:\\\/\\\/www.facebook.com\\\/yogabh\",\"https:\\\/\\\/www.instagram.com\\\/ashtanga_yoga_bh\\\/\"]}]}<\/script>\n<!-- \/ Yoast SEO plugin. -->","yoast_head_json":{"title":"Ashtanga Yoga BH - Ashtanga Yoga BH","description":"Goura Shala \u00e9 um est\u00fadio de Ashtanga Yoga situado num lugar acess\u00edvel e agrad\u00e1vel na regi\u00e3o central de Belo Horizonte.","robots":{"index":"index","follow":"follow","max-snippet":"max-snippet:-1","max-image-preview":"max-image-preview:large","max-video-preview":"max-video-preview:-1"},"canonical":"https:\/\/ashtangayogabh.com.br\/","og_locale":"en_US","og_type":"article","og_title":"Ashtanga Yoga BH - Ashtanga Yoga BH","og_description":"Goura Shala \u00e9 um est\u00fadio de Ashtanga Yoga situado num lugar acess\u00edvel e agrad\u00e1vel na regi\u00e3o central de Belo Horizonte.","og_url":"https:\/\/ashtangayogabh.com.br\/","og_site_name":"Ashtanga Yoga BH","article_publisher":"https:\/\/www.facebook.com\/yogabh","article_modified_time":"2023-09-14T20:51:24+00:00","twitter_card":"summary_large_image","twitter_misc":{"Est. reading time":"1 minute"},"schema":{"@context":"https:\/\/schema.org","@graph":[{"@type":"WebPage","@id":"https:\/\/ashtangayogabh.com.br\/","url":"https:\/\/ashtangayogabh.com.br\/","name":"Ashtanga Yoga BH - Ashtanga Yoga BH","isPartOf":{"@id":"https:\/\/ashtangayogabh.com.br\/#website"},"datePublished":"2023-06-12T15:47:10+00:00","dateModified":"2023-09-14T20:51:24+00:00","description":"Goura Shala \u00e9 um est\u00fadio de Ashtanga Yoga situado num lugar acess\u00edvel e agrad\u00e1vel na regi\u00e3o central de Belo Horizonte.","breadcrumb":{"@id":"https:\/\/ashtangayogabh.com.br\/#breadcrumb"},"inLanguage":"en-US","potentialAction":[{"@type":"ReadAction","target":["https:\/\/ashtangayogabh.com.br\/"]}]},{"@type":"BreadcrumbList","@id":"https:\/\/ashtangayogabh.com.br\/#breadcrumb","itemListElement":[{"@type":"ListItem","position":1,"name":"In\u00edcio","item":"https:\/\/ashtangayogabh.com.br\/"},{"@type":"ListItem","position":2,"name":"Ashtanga Yoga BH"}]},{"@type":"WebSite","@id":"https:\/\/ashtangayogabh.com.br\/#website","url":"https:\/\/ashtangayogabh.com.br\/","name":"Ashtanga Yoga BH","description":"Ashtanga Yoga | Belo Horizonte","publisher":{"@id":"https:\/\/ashtangayogabh.com.br\/#organization"},"alternateName":"Ashtanga Yoga Belo Horizonte","potentialAction":[{"@type":"SearchAction","target":{"@type":"EntryPoint","urlTemplate":"https:\/\/ashtangayogabh.com.br\/?s={search_term_string}"},"query-input":{"@type":"PropertyValueSpecification","valueRequired":true,"valueName":"search_term_string"}}],"inLanguage":"en-US"},{"@type":"Organization","@id":"https:\/\/ashtangayogabh.com.br\/#organization","name":"Ashtanga Yoga BH","alternateName":"Ashtanga Yoga Belo Horizonte","url":"https:\/\/ashtangayogabh.com.br\/","logo":{"@type":"ImageObject","inLanguage":"en-US","@id":"https:\/\/ashtangayogabh.com.br\/#\/schema\/logo\/image\/","url":"https:\/\/ashtangayogabh.com.br\/wp-content\/uploads\/2023\/07\/logo-gourashala-100.png","contentUrl":"https:\/\/ashtangayogabh.com.br\/wp-content\/uploads\/2023\/07\/logo-gourashala-100.png","width":148,"height":100,"caption":"Ashtanga Yoga BH"},"image":{"@id":"https:\/\/ashtangayogabh.com.br\/#\/schema\/logo\/image\/"},"sameAs":["https:\/\/www.facebook.com\/yogabh","https:\/\/www.instagram.com\/ashtanga_yoga_bh\/"]}]}},"_links":{"self":[{"href":"https:\/\/ashtangayogabh.com.br\/en\/wp-json\/wp\/v2\/pages\/2","targetHints":{"allow":["GET"]}}],"collection":[{"href":"https:\/\/ashtangayogabh.com.br\/en\/wp-json\/wp\/v2\/pages"}],"about":[{"href":"https:\/\/ashtangayogabh.com.br\/en\/wp-json\/wp\/v2\/types\/page"}],"author":[{"embeddable":true,"href":"https:\/\/ashtangayogabh.com.br\/en\/wp-json\/wp\/v2\/users\/2"}],"replies":[{"embeddable":true,"href":"https:\/\/ashtangayogabh.com.br\/en\/wp-json\/wp\/v2\/comments?post=2"}],"version-history":[{"count":0,"href":"https:\/\/ashtangayogabh.com.br\/en\/wp-json\/wp\/v2\/pages\/2\/revisions"}],"wp:attachment":[{"href":"https:\/\/ashtangayogabh.com.br\/en\/wp-json\/wp\/v2\/media?parent=2"}],"curies":[{"name":"wp","href":"https:\/\/api.w.org\/{rel}","templated":true}]}}