{"id":17,"date":"2023-07-22T13:25:54","date_gmt":"2023-07-22T13:25:54","guid":{"rendered":"https:\/\/ashtangayogabh.com.br\/?page_id=17"},"modified":"2024-11-06T14:08:14","modified_gmt":"2024-11-06T14:08:14","slug":"contato","status":"publish","type":"page","link":"https:\/\/ashtangayogabh.com.br\/en\/contato\/","title":{"rendered":"Contact"},"content":{"rendered":"\t\t<div data-elementor-type=\"wp-page\" data-elementor-id=\"17\" class=\"elementor elementor-17\">\n\t\t\t\t<div class=\"elementor-element elementor-element-3f503fb e-con-full e-flex e-con e-parent\" data-id=\"3f503fb\" data-element_type=\"container\" data-e-type=\"container\">\n\t\t<div class=\"elementor-element elementor-element-e8972bc e-con-full e-flex e-con e-child\" data-id=\"e8972bc\" data-element_type=\"container\" data-e-type=\"container\">\n\t\t\t\t<div class=\"elementor-element elementor-element-faf9e5b elementor-widget elementor-widget-image\" data-id=\"faf9e5b\" data-element_type=\"widget\" data-e-type=\"widget\" data-widget_type=\"image.default\">\n\t\t\t\t<div class=\"elementor-widget-container\">\n\t\t\t\t\t\t\t\t\t\t\t\t\t\t\t<img fetchpriority=\"high\" decoding=\"async\" width=\"1365\" height=\"2048\" src=\"https:\/\/ashtangayogabh.com.br\/wp-content\/uploads\/2023\/08\/goura-shala-contato-1.jpg\" class=\"attachment-full size-full wp-image-283\" alt=\"\" srcset=\"https:\/\/ashtangayogabh.com.br\/wp-content\/uploads\/2023\/08\/goura-shala-contato-1.jpg 1365w, https:\/\/ashtangayogabh.com.br\/wp-content\/uploads\/2023\/08\/goura-shala-contato-1-200x300.jpg 200w, https:\/\/ashtangayogabh.com.br\/wp-content\/uploads\/2023\/08\/goura-shala-contato-1-683x1024.jpg 683w, https:\/\/ashtangayogabh.com.br\/wp-content\/uploads\/2023\/08\/goura-shala-contato-1-768x1152.jpg 768w, https:\/\/ashtangayogabh.com.br\/wp-content\/uploads\/2023\/08\/goura-shala-contato-1-1024x1536.jpg 1024w\" sizes=\"(max-width: 1365px) 100vw, 1365px\" \/>\t\t\t\t\t\t\t\t\t\t\t\t\t\t\t<\/div>\n\t\t\t\t<\/div>\n\t\t\t\t<\/div>\n\t\t<div class=\"elementor-element elementor-element-814520a e-con-full e-flex e-con e-child\" data-id=\"814520a\" data-element_type=\"container\" data-e-type=\"container\">\n\t\t\t\t<div class=\"elementor-element elementor-element-77a771e elementor-widget elementor-widget-heading\" data-id=\"77a771e\" data-element_type=\"widget\" data-e-type=\"widget\" data-widget_type=\"heading.default\">\n\t\t\t\t<div class=\"elementor-widget-container\">\n\t\t\t\t\t<h2 class=\"elementor-heading-title elementor-size-default\">SERVICE CHANNEL<\/h2>\t\t\t\t<\/div>\n\t\t\t\t<\/div>\n\t\t\t\t<div class=\"elementor-element elementor-element-e5c9025 elementor-widget elementor-widget-text-editor\" data-id=\"e5c9025\" data-element_type=\"widget\" data-e-type=\"widget\" data-widget_type=\"text-editor.default\">\n\t\t\t\t<div class=\"elementor-widget-container\">\n\t\t\t\t\t\t\t\t\tContact us and learn more about Yoga, our space and how we work!\t\t\t\t\t\t\t\t<\/div>\n\t\t\t\t<\/div>\n\t\t\t\t<div class=\"elementor-element elementor-element-669d92d elementor-widget elementor-widget-wpforms\" data-id=\"669d92d\" data-element_type=\"widget\" data-e-type=\"widget\" data-widget_type=\"wpforms.default\">\n\t\t\t\t<div class=\"elementor-widget-container\">\n\t\t\t\t\t<div class=\"wpforms-container wpforms-container-full\" id=\"wpforms-506\"><form id=\"wpforms-form-506\" class=\"wpforms-validate wpforms-form wpforms-ajax-form\" data-formid=\"506\" method=\"post\" enctype=\"multipart\/form-data\" action=\"\/en\/wp-json\/wp\/v2\/pages\/17\" data-token=\"8d286a497aedc327cfe534528200fdef\"><noscript class=\"wpforms-error-noscript\">Please enable JavaScript in your browser to complete this form.<\/noscript><div class=\"wpforms-field-container\"><div id=\"wpforms-506-field_1-container\" class=\"wpforms-field wpforms-field-text\" data-field-id=\"1\"><label class=\"wpforms-field-label wpforms-label-hide\" for=\"wpforms-506-field_1\">Nome <span class=\"wpforms-required-label\">*<\/span><\/label><input type=\"text\" id=\"wpforms-506-field_1\" class=\"wpforms-field-large wpforms-field-required\" name=\"wpforms[fields][1]\" placeholder=\"Name *\" required><\/div><div id=\"wpforms-506-field_2-container\" class=\"wpforms-field wpforms-field-email wpforms-one-half wpforms-first\" data-field-id=\"2\"><label class=\"wpforms-field-label wpforms-label-hide\" for=\"wpforms-506-field_2\">Email <span class=\"wpforms-required-label\">*<\/span><\/label><input type=\"email\" id=\"wpforms-506-field_2\" class=\"wpforms-field-large wpforms-field-required\" name=\"wpforms[fields][2]\" placeholder=\"E-mail *\" required><\/div><div id=\"wpforms-506-field_3-container\" class=\"wpforms-field wpforms-field-text wpforms-one-half\" data-field-id=\"3\"><label class=\"wpforms-field-label wpforms-label-hide\" for=\"wpforms-506-field_3\">Whatsapp <span class=\"wpforms-required-label\">*<\/span><\/label><input type=\"text\" id=\"wpforms-506-field_3\" class=\"wpforms-field-large wpforms-field-required\" name=\"wpforms[fields][3]\" placeholder=\"Whatsapp *\" required><\/div><div id=\"wpforms-506-field_4-container\" class=\"wpforms-field wpforms-field-text\" data-field-id=\"4\"><label class=\"wpforms-field-label wpforms-label-hide\" for=\"wpforms-506-field_4\">Assunto <span class=\"wpforms-required-label\">*<\/span><\/label><input type=\"text\" id=\"wpforms-506-field_4\" class=\"wpforms-field-large wpforms-field-required\" name=\"wpforms[fields][4]\" placeholder=\"Subject *\" required><\/div><div id=\"wpforms-506-field_5-container\" class=\"wpforms-field wpforms-field-textarea\" data-field-id=\"5\"><label class=\"wpforms-field-label wpforms-label-hide\" for=\"wpforms-506-field_5\">Mensagem <span class=\"wpforms-required-label\">*<\/span><\/label><textarea id=\"wpforms-506-field_5\" class=\"wpforms-field-large wpforms-field-required\" name=\"wpforms[fields][5]\" placeholder=\"Message *\" required><\/textarea><\/div><\/div><div class=\"wpforms-submit-container\"><input type=\"hidden\" name=\"wpforms[id]\" value=\"506\"><input type=\"hidden\" name=\"wpforms[author]\" value=\"2\"><button type=\"submit\" name=\"wpforms[submit]\" id=\"wpforms-submit-506\" class=\"wpforms-submit form-btn-contato\" data-alt-text=\"Sending...\" data-submit-text=\"Send\" aria-live=\"assertive\" value=\"wpforms-submit\">Send<\/button><img decoding=\"async\" src=\"https:\/\/ashtangayogabh.com.br\/wp-content\/plugins\/wpforms\/assets\/images\/submit-spin.svg\" class=\"wpforms-submit-spinner\" style=\"display: none;\" width=\"26\" height=\"26\" alt=\"Loading\"><\/div><\/form><\/div>  <!-- .wpforms-container -->\t\t\t\t<\/div>\n\t\t\t\t<\/div>\n\t\t\t\t<div class=\"elementor-element elementor-element-ba709df elementor-icon-list--layout-traditional elementor-list-item-link-full_width elementor-widget elementor-widget-icon-list\" data-id=\"ba709df\" data-element_type=\"widget\" data-e-type=\"widget\" data-widget_type=\"icon-list.default\">\n\t\t\t\t<div class=\"elementor-widget-container\">\n\t\t\t\t\t\t\t<ul class=\"elementor-icon-list-items\">\n\t\t\t\t\t\t\t<li class=\"elementor-icon-list-item\">\n\t\t\t\t\t\t\t\t\t\t\t<span class=\"elementor-icon-list-icon\">\n\t\t\t\t\t\t\t<i aria-hidden=\"true\" class=\"fas fa-map-marker-alt\"><\/i>\t\t\t\t\t\t<\/span>\n\t\t\t\t\t\t\t\t\t\t<span class=\"elementor-icon-list-text\">Rua Ant\u00f4nio de Albuquerque, 842 - sala 301 - Savassi - BH \/ MG<\/span>\n\t\t\t\t\t\t\t\t\t<\/li>\n\t\t\t\t\t\t<\/ul>\n\t\t\t\t\t\t<\/div>\n\t\t\t\t<\/div>\n\t\t\t\t<div class=\"elementor-element elementor-element-5b61a59 elementor-widget elementor-widget-google_maps\" data-id=\"5b61a59\" data-element_type=\"widget\" data-e-type=\"widget\" data-widget_type=\"google_maps.default\">\n\t\t\t\t<div class=\"elementor-widget-container\">\n\t\t\t\t\t\t\t<div class=\"elementor-custom-embed\">\n\t\t\t<iframe loading=\"lazy\"\n\t\t\t\t\tsrc=\"https:\/\/maps.google.com\/maps?q=%20Rua%20Ant%C3%B4nio%20de%20Albuquerque%2C%20842%20-%20sala%20301%20-%20Savassi%20-%20BH%20%2F%20MG&#038;t=m&#038;z=15&#038;output=embed&#038;iwloc=near\"\n\t\t\t\t\ttitle=\" Rua Ant\u00f4nio de Albuquerque, 842 - sala 301 - Savassi - BH \/ MG\"\n\t\t\t\t\taria-label=\" Rua Ant\u00f4nio de Albuquerque, 842 - sala 301 - Savassi - BH \/ MG\"\n\t\t\t><\/iframe>\n\t\t<\/div>\n\t\t\t\t\t\t<\/div>\n\t\t\t\t<\/div>\n\t\t\t\t<\/div>\n\t\t\t\t<\/div>\n\t\t\t\t<\/div>\n\t\t","protected":false},"excerpt":{"rendered":"<p>SERVICE CHANNEL Contact us and learn more about Yoga, our space and how we work! Rua Ant\u00f4nio de Albuquerque, 842 &#8211; sala 301 &#8211; Savassi &#8211; BH \/ MG<\/p>\n","protected":false},"author":2,"featured_media":0,"parent":0,"menu_order":0,"comment_status":"closed","ping_status":"closed","template":"","meta":{"_joinchat":[],"footnotes":""},"class_list":["post-17","page","type-page","status-publish","hentry"],"yoast_head":"<!-- This site is optimized with the Yoast SEO plugin v27.4 - https:\/\/yoast.com\/product\/yoast-seo-wordpress\/ -->\n<title>Contact - Ashtanga Yoga BH<\/title>\n<meta name=\"description\" content=\"Goura Shala \u00e9 um est\u00fadio de Ashtanga Yoga situado num lugar acess\u00edvel e agrad\u00e1vel na regi\u00e3o central de Belo Horizonte.\" \/>\n<meta name=\"robots\" content=\"index, follow, max-snippet:-1, max-image-preview:large, max-video-preview:-1\" \/>\n<link rel=\"canonical\" href=\"https:\/\/ashtangayogabh.com.br\/contato\/\" \/>\n<meta property=\"og:locale\" content=\"en_US\" \/>\n<meta property=\"og:type\" content=\"article\" \/>\n<meta property=\"og:title\" content=\"[:pb]Contato[:en]Contact[:] - Ashtanga Yoga BH\" \/>\n<meta property=\"og:description\" content=\"Goura Shala \u00e9 um est\u00fadio de Ashtanga Yoga situado num lugar acess\u00edvel e agrad\u00e1vel na regi\u00e3o central de Belo Horizonte.\" \/>\n<meta property=\"og:url\" content=\"https:\/\/ashtangayogabh.com.br\/contato\/\" \/>\n<meta property=\"og:site_name\" content=\"Ashtanga Yoga BH\" \/>\n<meta property=\"article:publisher\" content=\"https:\/\/www.facebook.com\/yogabh\" \/>\n<meta property=\"article:modified_time\" content=\"2024-11-06T14:08:14+00:00\" \/>\n<meta property=\"og:image\" content=\"https:\/\/ashtangayogabh.com.br\/wp-content\/uploads\/2023\/08\/goura-shala-contato-1.jpg\" \/>\n<meta name=\"twitter:card\" content=\"summary_large_image\" \/>\n<meta name=\"twitter:label1\" content=\"Est. reading time\" \/>\n\t<meta name=\"twitter:data1\" content=\"1 minute\" \/>\n<script type=\"application\/ld+json\" class=\"yoast-schema-graph\">{\"@context\":\"https:\\\/\\\/schema.org\",\"@graph\":[{\"@type\":\"WebPage\",\"@id\":\"https:\\\/\\\/ashtangayogabh.com.br\\\/contato\\\/\",\"url\":\"https:\\\/\\\/ashtangayogabh.com.br\\\/contato\\\/\",\"name\":\"[:pb]Contato[:en]Contact[:] - Ashtanga Yoga BH\",\"isPartOf\":{\"@id\":\"https:\\\/\\\/ashtangayogabh.com.br\\\/#website\"},\"primaryImageOfPage\":{\"@id\":\"https:\\\/\\\/ashtangayogabh.com.br\\\/contato\\\/#primaryimage\"},\"image\":{\"@id\":\"https:\\\/\\\/ashtangayogabh.com.br\\\/contato\\\/#primaryimage\"},\"thumbnailUrl\":\"https:\\\/\\\/ashtangayogabh.com.br\\\/wp-content\\\/uploads\\\/2023\\\/08\\\/goura-shala-contato-1.jpg\",\"datePublished\":\"2023-07-22T13:25:54+00:00\",\"dateModified\":\"2024-11-06T14:08:14+00:00\",\"description\":\"Goura Shala \u00e9 um est\u00fadio de Ashtanga Yoga situado num lugar acess\u00edvel e agrad\u00e1vel na regi\u00e3o central de Belo Horizonte.\",\"breadcrumb\":{\"@id\":\"https:\\\/\\\/ashtangayogabh.com.br\\\/contato\\\/#breadcrumb\"},\"inLanguage\":\"en-US\",\"potentialAction\":[{\"@type\":\"ReadAction\",\"target\":[\"https:\\\/\\\/ashtangayogabh.com.br\\\/contato\\\/\"]}]},{\"@type\":\"ImageObject\",\"inLanguage\":\"en-US\",\"@id\":\"https:\\\/\\\/ashtangayogabh.com.br\\\/contato\\\/#primaryimage\",\"url\":\"https:\\\/\\\/ashtangayogabh.com.br\\\/wp-content\\\/uploads\\\/2023\\\/08\\\/goura-shala-contato-1.jpg\",\"contentUrl\":\"https:\\\/\\\/ashtangayogabh.com.br\\\/wp-content\\\/uploads\\\/2023\\\/08\\\/goura-shala-contato-1.jpg\"},{\"@type\":\"BreadcrumbList\",\"@id\":\"https:\\\/\\\/ashtangayogabh.com.br\\\/contato\\\/#breadcrumb\",\"itemListElement\":[{\"@type\":\"ListItem\",\"position\":1,\"name\":\"In\u00edcio\",\"item\":\"https:\\\/\\\/ashtangayogabh.com.br\\\/\"},{\"@type\":\"ListItem\",\"position\":2,\"name\":\"[:pb]Contato[:en]Contact[:]\"}]},{\"@type\":\"WebSite\",\"@id\":\"https:\\\/\\\/ashtangayogabh.com.br\\\/#website\",\"url\":\"https:\\\/\\\/ashtangayogabh.com.br\\\/\",\"name\":\"Ashtanga Yoga BH\",\"description\":\"Ashtanga Yoga | Belo Horizonte\",\"publisher\":{\"@id\":\"https:\\\/\\\/ashtangayogabh.com.br\\\/#organization\"},\"alternateName\":\"Ashtanga Yoga Belo Horizonte\",\"potentialAction\":[{\"@type\":\"SearchAction\",\"target\":{\"@type\":\"EntryPoint\",\"urlTemplate\":\"https:\\\/\\\/ashtangayogabh.com.br\\\/?s={search_term_string}\"},\"query-input\":{\"@type\":\"PropertyValueSpecification\",\"valueRequired\":true,\"valueName\":\"search_term_string\"}}],\"inLanguage\":\"en-US\"},{\"@type\":\"Organization\",\"@id\":\"https:\\\/\\\/ashtangayogabh.com.br\\\/#organization\",\"name\":\"Ashtanga Yoga BH\",\"alternateName\":\"Ashtanga Yoga Belo Horizonte\",\"url\":\"https:\\\/\\\/ashtangayogabh.com.br\\\/\",\"logo\":{\"@type\":\"ImageObject\",\"inLanguage\":\"en-US\",\"@id\":\"https:\\\/\\\/ashtangayogabh.com.br\\\/#\\\/schema\\\/logo\\\/image\\\/\",\"url\":\"https:\\\/\\\/ashtangayogabh.com.br\\\/wp-content\\\/uploads\\\/2023\\\/07\\\/logo-gourashala-100.png\",\"contentUrl\":\"https:\\\/\\\/ashtangayogabh.com.br\\\/wp-content\\\/uploads\\\/2023\\\/07\\\/logo-gourashala-100.png\",\"width\":148,\"height\":100,\"caption\":\"Ashtanga Yoga BH\"},\"image\":{\"@id\":\"https:\\\/\\\/ashtangayogabh.com.br\\\/#\\\/schema\\\/logo\\\/image\\\/\"},\"sameAs\":[\"https:\\\/\\\/www.facebook.com\\\/yogabh\",\"https:\\\/\\\/www.instagram.com\\\/ashtanga_yoga_bh\\\/\"]}]}<\/script>\n<!-- \/ Yoast SEO plugin. -->","yoast_head_json":{"title":"[:pb]Contato[:en]Contact[:] - Ashtanga Yoga BH","description":"Goura Shala \u00e9 um est\u00fadio de Ashtanga Yoga situado num lugar acess\u00edvel e agrad\u00e1vel na regi\u00e3o central de Belo Horizonte.","robots":{"index":"index","follow":"follow","max-snippet":"max-snippet:-1","max-image-preview":"max-image-preview:large","max-video-preview":"max-video-preview:-1"},"canonical":"https:\/\/ashtangayogabh.com.br\/contato\/","og_locale":"en_US","og_type":"article","og_title":"[:pb]Contato[:en]Contact[:] - Ashtanga Yoga BH","og_description":"Goura Shala \u00e9 um est\u00fadio de Ashtanga Yoga situado num lugar acess\u00edvel e agrad\u00e1vel na regi\u00e3o central de Belo Horizonte.","og_url":"https:\/\/ashtangayogabh.com.br\/contato\/","og_site_name":"Ashtanga Yoga BH","article_publisher":"https:\/\/www.facebook.com\/yogabh","article_modified_time":"2024-11-06T14:08:14+00:00","og_image":[{"url":"https:\/\/ashtangayogabh.com.br\/wp-content\/uploads\/2023\/08\/goura-shala-contato-1.jpg","type":"","width":"","height":""}],"twitter_card":"summary_large_image","twitter_misc":{"Est. reading time":"1 minute"},"schema":{"@context":"https:\/\/schema.org","@graph":[{"@type":"WebPage","@id":"https:\/\/ashtangayogabh.com.br\/contato\/","url":"https:\/\/ashtangayogabh.com.br\/contato\/","name":"[:pb]Contato[:en]Contact[:] - Ashtanga Yoga BH","isPartOf":{"@id":"https:\/\/ashtangayogabh.com.br\/#website"},"primaryImageOfPage":{"@id":"https:\/\/ashtangayogabh.com.br\/contato\/#primaryimage"},"image":{"@id":"https:\/\/ashtangayogabh.com.br\/contato\/#primaryimage"},"thumbnailUrl":"https:\/\/ashtangayogabh.com.br\/wp-content\/uploads\/2023\/08\/goura-shala-contato-1.jpg","datePublished":"2023-07-22T13:25:54+00:00","dateModified":"2024-11-06T14:08:14+00:00","description":"Goura Shala \u00e9 um est\u00fadio de Ashtanga Yoga situado num lugar acess\u00edvel e agrad\u00e1vel na regi\u00e3o central de Belo Horizonte.","breadcrumb":{"@id":"https:\/\/ashtangayogabh.com.br\/contato\/#breadcrumb"},"inLanguage":"en-US","potentialAction":[{"@type":"ReadAction","target":["https:\/\/ashtangayogabh.com.br\/contato\/"]}]},{"@type":"ImageObject","inLanguage":"en-US","@id":"https:\/\/ashtangayogabh.com.br\/contato\/#primaryimage","url":"https:\/\/ashtangayogabh.com.br\/wp-content\/uploads\/2023\/08\/goura-shala-contato-1.jpg","contentUrl":"https:\/\/ashtangayogabh.com.br\/wp-content\/uploads\/2023\/08\/goura-shala-contato-1.jpg"},{"@type":"BreadcrumbList","@id":"https:\/\/ashtangayogabh.com.br\/contato\/#breadcrumb","itemListElement":[{"@type":"ListItem","position":1,"name":"In\u00edcio","item":"https:\/\/ashtangayogabh.com.br\/"},{"@type":"ListItem","position":2,"name":"[:pb]Contato[:en]Contact[:]"}]},{"@type":"WebSite","@id":"https:\/\/ashtangayogabh.com.br\/#website","url":"https:\/\/ashtangayogabh.com.br\/","name":"Ashtanga Yoga BH","description":"Ashtanga Yoga | Belo Horizonte","publisher":{"@id":"https:\/\/ashtangayogabh.com.br\/#organization"},"alternateName":"Ashtanga Yoga Belo Horizonte","potentialAction":[{"@type":"SearchAction","target":{"@type":"EntryPoint","urlTemplate":"https:\/\/ashtangayogabh.com.br\/?s={search_term_string}"},"query-input":{"@type":"PropertyValueSpecification","valueRequired":true,"valueName":"search_term_string"}}],"inLanguage":"en-US"},{"@type":"Organization","@id":"https:\/\/ashtangayogabh.com.br\/#organization","name":"Ashtanga Yoga BH","alternateName":"Ashtanga Yoga Belo Horizonte","url":"https:\/\/ashtangayogabh.com.br\/","logo":{"@type":"ImageObject","inLanguage":"en-US","@id":"https:\/\/ashtangayogabh.com.br\/#\/schema\/logo\/image\/","url":"https:\/\/ashtangayogabh.com.br\/wp-content\/uploads\/2023\/07\/logo-gourashala-100.png","contentUrl":"https:\/\/ashtangayogabh.com.br\/wp-content\/uploads\/2023\/07\/logo-gourashala-100.png","width":148,"height":100,"caption":"Ashtanga Yoga BH"},"image":{"@id":"https:\/\/ashtangayogabh.com.br\/#\/schema\/logo\/image\/"},"sameAs":["https:\/\/www.facebook.com\/yogabh","https:\/\/www.instagram.com\/ashtanga_yoga_bh\/"]}]}},"_links":{"self":[{"href":"https:\/\/ashtangayogabh.com.br\/en\/wp-json\/wp\/v2\/pages\/17","targetHints":{"allow":["GET"]}}],"collection":[{"href":"https:\/\/ashtangayogabh.com.br\/en\/wp-json\/wp\/v2\/pages"}],"about":[{"href":"https:\/\/ashtangayogabh.com.br\/en\/wp-json\/wp\/v2\/types\/page"}],"author":[{"embeddable":true,"href":"https:\/\/ashtangayogabh.com.br\/en\/wp-json\/wp\/v2\/users\/2"}],"replies":[{"embeddable":true,"href":"https:\/\/ashtangayogabh.com.br\/en\/wp-json\/wp\/v2\/comments?post=17"}],"version-history":[{"count":6,"href":"https:\/\/ashtangayogabh.com.br\/en\/wp-json\/wp\/v2\/pages\/17\/revisions"}],"predecessor-version":[{"id":587,"href":"https:\/\/ashtangayogabh.com.br\/en\/wp-json\/wp\/v2\/pages\/17\/revisions\/587"}],"wp:attachment":[{"href":"https:\/\/ashtangayogabh.com.br\/en\/wp-json\/wp\/v2\/media?parent=17"}],"curies":[{"name":"wp","href":"https:\/\/api.w.org\/{rel}","templated":true}]}}