{"id":123,"date":"2023-08-14T16:40:09","date_gmt":"2023-08-14T16:40:09","guid":{"rendered":"https:\/\/ashtangayogabh.com.br\/?page_id=123"},"modified":"2023-09-14T21:39:50","modified_gmt":"2023-09-14T21:39:50","slug":"clube-do-prana","status":"publish","type":"page","link":"https:\/\/ashtangayogabh.com.br\/en\/clube-do-prana\/","title":{"rendered":"Prana Club"},"content":{"rendered":"\t\t<div data-elementor-type=\"wp-page\" data-elementor-id=\"123\" class=\"elementor elementor-123\">\n\t\t\t\t<div class=\"elementor-element elementor-element-c0c6949 e-con-full e-flex e-con e-parent\" data-id=\"c0c6949\" data-element_type=\"container\" data-e-type=\"container\">\n\t\t<div class=\"elementor-element elementor-element-d848c1f e-con-full e-flex e-con e-child\" data-id=\"d848c1f\" data-element_type=\"container\" data-e-type=\"container\">\n\t\t\t\t<div class=\"elementor-element elementor-element-2e50608 elementor-widget elementor-widget-image\" data-id=\"2e50608\" data-element_type=\"widget\" data-e-type=\"widget\" data-widget_type=\"image.default\">\n\t\t\t\t<div class=\"elementor-widget-container\">\n\t\t\t\t\t\t\t\t\t\t\t\t\t\t\t<img fetchpriority=\"high\" decoding=\"async\" width=\"597\" height=\"402\" src=\"https:\/\/ashtangayogabh.com.br\/wp-content\/uploads\/2023\/08\/goura-shala-clube-do-prana.png\" class=\"attachment-full size-full wp-image-340\" alt=\"\" srcset=\"https:\/\/ashtangayogabh.com.br\/wp-content\/uploads\/2023\/08\/goura-shala-clube-do-prana.png 597w, https:\/\/ashtangayogabh.com.br\/wp-content\/uploads\/2023\/08\/goura-shala-clube-do-prana-300x202.png 300w\" sizes=\"(max-width: 597px) 100vw, 597px\" \/>\t\t\t\t\t\t\t\t\t\t\t\t\t\t\t<\/div>\n\t\t\t\t<\/div>\n\t\t\t\t<\/div>\n\t\t<div class=\"elementor-element elementor-element-8891e72 e-con-full e-flex e-con e-child\" data-id=\"8891e72\" data-element_type=\"container\" data-e-type=\"container\">\n\t\t\t\t<div class=\"elementor-element elementor-element-613e6e0 elementor-widget elementor-widget-heading\" data-id=\"613e6e0\" data-element_type=\"widget\" data-e-type=\"widget\" data-widget_type=\"heading.default\">\n\t\t\t\t<div class=\"elementor-widget-container\">\n\t\t\t\t\t<h2 class=\"elementor-heading-title elementor-size-default\">PRANA CLUB<\/h2>\t\t\t\t<\/div>\n\t\t\t\t<\/div>\n\t\t\t\t<div class=\"elementor-element elementor-element-2c14bce elementor-widget elementor-widget-text-editor\" data-id=\"2c14bce\" data-element_type=\"widget\" data-e-type=\"widget\" data-widget_type=\"text-editor.default\">\n\t\t\t\t<div class=\"elementor-widget-container\">\n\t\t\t\t\t\t\t\t\t<p>It is a project where different activities involving yoga happen in an integrated way, as experience, knowledge and achievement.<br \/>Clube do Prana is based on three pillars already known and foreseen by the legacy of yoga, namely practices, studies and devotion.<br \/>The project has online practical classes, retreats and experiences, courses and didactic classes on different important yoga texts on an online platform, books and study groups.<br \/>Clude do Prana has as its principle the mastery of using current tools and conditions without losing the essence and contextualization of yoga as it is, traditional, timeless and effective in the field of spirituality.<br \/>Welcome to the Club:<br \/><a href=\"http:\/\/www.clubedoprana.com.br\">www.clubedoprana.com.br<\/a><\/p>\t\t\t\t\t\t\t\t<\/div>\n\t\t\t\t<\/div>\n\t\t\t\t<\/div>\n\t\t\t\t<\/div>\n\t\t\t\t<\/div>\n\t\t","protected":false},"excerpt":{"rendered":"<p>PRANA CLUB It is a project where different activities involving yoga happen in an integrated way, as experience, knowledge and achievement.Clube do Prana is based on three pillars already known and foreseen by the legacy of yoga, namely practices, studies and devotion.The project has online practical classes, retreats and experiences, courses and didactic classes on [&hellip;]<\/p>\n","protected":false},"author":2,"featured_media":0,"parent":0,"menu_order":0,"comment_status":"closed","ping_status":"closed","template":"","meta":{"_joinchat":[],"footnotes":""},"class_list":["post-123","page","type-page","status-publish","hentry"],"yoast_head":"<!-- This site is optimized with the Yoast SEO plugin v27.4 - https:\/\/yoast.com\/product\/yoast-seo-wordpress\/ -->\n<title>Prana Club - Ashtanga Yoga BH<\/title>\n<meta name=\"description\" content=\"Goura Shala \u00e9 um est\u00fadio de Ashtanga Yoga situado num lugar acess\u00edvel e agrad\u00e1vel na regi\u00e3o central de Belo Horizonte.\" \/>\n<meta name=\"robots\" content=\"index, follow, max-snippet:-1, max-image-preview:large, max-video-preview:-1\" \/>\n<link rel=\"canonical\" href=\"https:\/\/ashtangayogabh.com.br\/clube-do-prana\/\" \/>\n<meta property=\"og:locale\" content=\"en_US\" \/>\n<meta property=\"og:type\" content=\"article\" \/>\n<meta property=\"og:title\" content=\"[:pb]Clube do Prana[:en]Prana Club[:] - Ashtanga Yoga BH\" \/>\n<meta property=\"og:description\" content=\"Goura Shala \u00e9 um est\u00fadio de Ashtanga Yoga situado num lugar acess\u00edvel e agrad\u00e1vel na regi\u00e3o central de Belo Horizonte.\" \/>\n<meta property=\"og:url\" content=\"https:\/\/ashtangayogabh.com.br\/clube-do-prana\/\" \/>\n<meta property=\"og:site_name\" content=\"Ashtanga Yoga BH\" \/>\n<meta property=\"article:publisher\" content=\"https:\/\/www.facebook.com\/yogabh\" \/>\n<meta property=\"article:modified_time\" content=\"2023-09-14T21:39:50+00:00\" \/>\n<meta property=\"og:image\" content=\"https:\/\/ashtangayogabh.com.br\/wp-content\/uploads\/2023\/08\/goura-shala-clube-do-prana.png\" \/>\n<meta name=\"twitter:card\" content=\"summary_large_image\" \/>\n<meta name=\"twitter:label1\" content=\"Est. reading time\" \/>\n\t<meta name=\"twitter:data1\" content=\"2 minutes\" \/>\n<script type=\"application\/ld+json\" class=\"yoast-schema-graph\">{\"@context\":\"https:\\\/\\\/schema.org\",\"@graph\":[{\"@type\":\"WebPage\",\"@id\":\"https:\\\/\\\/ashtangayogabh.com.br\\\/clube-do-prana\\\/\",\"url\":\"https:\\\/\\\/ashtangayogabh.com.br\\\/clube-do-prana\\\/\",\"name\":\"[:pb]Clube do Prana[:en]Prana Club[:] - Ashtanga Yoga BH\",\"isPartOf\":{\"@id\":\"https:\\\/\\\/ashtangayogabh.com.br\\\/#website\"},\"primaryImageOfPage\":{\"@id\":\"https:\\\/\\\/ashtangayogabh.com.br\\\/clube-do-prana\\\/#primaryimage\"},\"image\":{\"@id\":\"https:\\\/\\\/ashtangayogabh.com.br\\\/clube-do-prana\\\/#primaryimage\"},\"thumbnailUrl\":\"https:\\\/\\\/ashtangayogabh.com.br\\\/wp-content\\\/uploads\\\/2023\\\/08\\\/goura-shala-clube-do-prana.png\",\"datePublished\":\"2023-08-14T16:40:09+00:00\",\"dateModified\":\"2023-09-14T21:39:50+00:00\",\"description\":\"Goura Shala \u00e9 um est\u00fadio de Ashtanga Yoga situado num lugar acess\u00edvel e agrad\u00e1vel na regi\u00e3o central de Belo Horizonte.\",\"breadcrumb\":{\"@id\":\"https:\\\/\\\/ashtangayogabh.com.br\\\/clube-do-prana\\\/#breadcrumb\"},\"inLanguage\":\"en-US\",\"potentialAction\":[{\"@type\":\"ReadAction\",\"target\":[\"https:\\\/\\\/ashtangayogabh.com.br\\\/clube-do-prana\\\/\"]}]},{\"@type\":\"ImageObject\",\"inLanguage\":\"en-US\",\"@id\":\"https:\\\/\\\/ashtangayogabh.com.br\\\/clube-do-prana\\\/#primaryimage\",\"url\":\"https:\\\/\\\/ashtangayogabh.com.br\\\/wp-content\\\/uploads\\\/2023\\\/08\\\/goura-shala-clube-do-prana.png\",\"contentUrl\":\"https:\\\/\\\/ashtangayogabh.com.br\\\/wp-content\\\/uploads\\\/2023\\\/08\\\/goura-shala-clube-do-prana.png\"},{\"@type\":\"BreadcrumbList\",\"@id\":\"https:\\\/\\\/ashtangayogabh.com.br\\\/clube-do-prana\\\/#breadcrumb\",\"itemListElement\":[{\"@type\":\"ListItem\",\"position\":1,\"name\":\"In\u00edcio\",\"item\":\"https:\\\/\\\/ashtangayogabh.com.br\\\/\"},{\"@type\":\"ListItem\",\"position\":2,\"name\":\"[:pb]Clube do Prana[:en]Prana Club[:]\"}]},{\"@type\":\"WebSite\",\"@id\":\"https:\\\/\\\/ashtangayogabh.com.br\\\/#website\",\"url\":\"https:\\\/\\\/ashtangayogabh.com.br\\\/\",\"name\":\"Ashtanga Yoga BH\",\"description\":\"Ashtanga Yoga | Belo Horizonte\",\"publisher\":{\"@id\":\"https:\\\/\\\/ashtangayogabh.com.br\\\/#organization\"},\"alternateName\":\"Ashtanga Yoga Belo Horizonte\",\"potentialAction\":[{\"@type\":\"SearchAction\",\"target\":{\"@type\":\"EntryPoint\",\"urlTemplate\":\"https:\\\/\\\/ashtangayogabh.com.br\\\/?s={search_term_string}\"},\"query-input\":{\"@type\":\"PropertyValueSpecification\",\"valueRequired\":true,\"valueName\":\"search_term_string\"}}],\"inLanguage\":\"en-US\"},{\"@type\":\"Organization\",\"@id\":\"https:\\\/\\\/ashtangayogabh.com.br\\\/#organization\",\"name\":\"Ashtanga Yoga BH\",\"alternateName\":\"Ashtanga Yoga Belo Horizonte\",\"url\":\"https:\\\/\\\/ashtangayogabh.com.br\\\/\",\"logo\":{\"@type\":\"ImageObject\",\"inLanguage\":\"en-US\",\"@id\":\"https:\\\/\\\/ashtangayogabh.com.br\\\/#\\\/schema\\\/logo\\\/image\\\/\",\"url\":\"https:\\\/\\\/ashtangayogabh.com.br\\\/wp-content\\\/uploads\\\/2023\\\/07\\\/logo-gourashala-100.png\",\"contentUrl\":\"https:\\\/\\\/ashtangayogabh.com.br\\\/wp-content\\\/uploads\\\/2023\\\/07\\\/logo-gourashala-100.png\",\"width\":148,\"height\":100,\"caption\":\"Ashtanga Yoga BH\"},\"image\":{\"@id\":\"https:\\\/\\\/ashtangayogabh.com.br\\\/#\\\/schema\\\/logo\\\/image\\\/\"},\"sameAs\":[\"https:\\\/\\\/www.facebook.com\\\/yogabh\",\"https:\\\/\\\/www.instagram.com\\\/ashtanga_yoga_bh\\\/\"]}]}<\/script>\n<!-- \/ Yoast SEO plugin. -->","yoast_head_json":{"title":"[:pb]Clube do Prana[:en]Prana Club[:] - Ashtanga Yoga BH","description":"Goura Shala \u00e9 um est\u00fadio de Ashtanga Yoga situado num lugar acess\u00edvel e agrad\u00e1vel na regi\u00e3o central de Belo Horizonte.","robots":{"index":"index","follow":"follow","max-snippet":"max-snippet:-1","max-image-preview":"max-image-preview:large","max-video-preview":"max-video-preview:-1"},"canonical":"https:\/\/ashtangayogabh.com.br\/clube-do-prana\/","og_locale":"en_US","og_type":"article","og_title":"[:pb]Clube do Prana[:en]Prana Club[:] - Ashtanga Yoga BH","og_description":"Goura Shala \u00e9 um est\u00fadio de Ashtanga Yoga situado num lugar acess\u00edvel e agrad\u00e1vel na regi\u00e3o central de Belo Horizonte.","og_url":"https:\/\/ashtangayogabh.com.br\/clube-do-prana\/","og_site_name":"Ashtanga Yoga BH","article_publisher":"https:\/\/www.facebook.com\/yogabh","article_modified_time":"2023-09-14T21:39:50+00:00","og_image":[{"url":"https:\/\/ashtangayogabh.com.br\/wp-content\/uploads\/2023\/08\/goura-shala-clube-do-prana.png","type":"","width":"","height":""}],"twitter_card":"summary_large_image","twitter_misc":{"Est. reading time":"2 minutes"},"schema":{"@context":"https:\/\/schema.org","@graph":[{"@type":"WebPage","@id":"https:\/\/ashtangayogabh.com.br\/clube-do-prana\/","url":"https:\/\/ashtangayogabh.com.br\/clube-do-prana\/","name":"[:pb]Clube do Prana[:en]Prana Club[:] - Ashtanga Yoga BH","isPartOf":{"@id":"https:\/\/ashtangayogabh.com.br\/#website"},"primaryImageOfPage":{"@id":"https:\/\/ashtangayogabh.com.br\/clube-do-prana\/#primaryimage"},"image":{"@id":"https:\/\/ashtangayogabh.com.br\/clube-do-prana\/#primaryimage"},"thumbnailUrl":"https:\/\/ashtangayogabh.com.br\/wp-content\/uploads\/2023\/08\/goura-shala-clube-do-prana.png","datePublished":"2023-08-14T16:40:09+00:00","dateModified":"2023-09-14T21:39:50+00:00","description":"Goura Shala \u00e9 um est\u00fadio de Ashtanga Yoga situado num lugar acess\u00edvel e agrad\u00e1vel na regi\u00e3o central de Belo Horizonte.","breadcrumb":{"@id":"https:\/\/ashtangayogabh.com.br\/clube-do-prana\/#breadcrumb"},"inLanguage":"en-US","potentialAction":[{"@type":"ReadAction","target":["https:\/\/ashtangayogabh.com.br\/clube-do-prana\/"]}]},{"@type":"ImageObject","inLanguage":"en-US","@id":"https:\/\/ashtangayogabh.com.br\/clube-do-prana\/#primaryimage","url":"https:\/\/ashtangayogabh.com.br\/wp-content\/uploads\/2023\/08\/goura-shala-clube-do-prana.png","contentUrl":"https:\/\/ashtangayogabh.com.br\/wp-content\/uploads\/2023\/08\/goura-shala-clube-do-prana.png"},{"@type":"BreadcrumbList","@id":"https:\/\/ashtangayogabh.com.br\/clube-do-prana\/#breadcrumb","itemListElement":[{"@type":"ListItem","position":1,"name":"In\u00edcio","item":"https:\/\/ashtangayogabh.com.br\/"},{"@type":"ListItem","position":2,"name":"[:pb]Clube do Prana[:en]Prana Club[:]"}]},{"@type":"WebSite","@id":"https:\/\/ashtangayogabh.com.br\/#website","url":"https:\/\/ashtangayogabh.com.br\/","name":"Ashtanga Yoga BH","description":"Ashtanga Yoga | Belo Horizonte","publisher":{"@id":"https:\/\/ashtangayogabh.com.br\/#organization"},"alternateName":"Ashtanga Yoga Belo Horizonte","potentialAction":[{"@type":"SearchAction","target":{"@type":"EntryPoint","urlTemplate":"https:\/\/ashtangayogabh.com.br\/?s={search_term_string}"},"query-input":{"@type":"PropertyValueSpecification","valueRequired":true,"valueName":"search_term_string"}}],"inLanguage":"en-US"},{"@type":"Organization","@id":"https:\/\/ashtangayogabh.com.br\/#organization","name":"Ashtanga Yoga BH","alternateName":"Ashtanga Yoga Belo Horizonte","url":"https:\/\/ashtangayogabh.com.br\/","logo":{"@type":"ImageObject","inLanguage":"en-US","@id":"https:\/\/ashtangayogabh.com.br\/#\/schema\/logo\/image\/","url":"https:\/\/ashtangayogabh.com.br\/wp-content\/uploads\/2023\/07\/logo-gourashala-100.png","contentUrl":"https:\/\/ashtangayogabh.com.br\/wp-content\/uploads\/2023\/07\/logo-gourashala-100.png","width":148,"height":100,"caption":"Ashtanga Yoga BH"},"image":{"@id":"https:\/\/ashtangayogabh.com.br\/#\/schema\/logo\/image\/"},"sameAs":["https:\/\/www.facebook.com\/yogabh","https:\/\/www.instagram.com\/ashtanga_yoga_bh\/"]}]}},"_links":{"self":[{"href":"https:\/\/ashtangayogabh.com.br\/en\/wp-json\/wp\/v2\/pages\/123","targetHints":{"allow":["GET"]}}],"collection":[{"href":"https:\/\/ashtangayogabh.com.br\/en\/wp-json\/wp\/v2\/pages"}],"about":[{"href":"https:\/\/ashtangayogabh.com.br\/en\/wp-json\/wp\/v2\/types\/page"}],"author":[{"embeddable":true,"href":"https:\/\/ashtangayogabh.com.br\/en\/wp-json\/wp\/v2\/users\/2"}],"replies":[{"embeddable":true,"href":"https:\/\/ashtangayogabh.com.br\/en\/wp-json\/wp\/v2\/comments?post=123"}],"version-history":[{"count":0,"href":"https:\/\/ashtangayogabh.com.br\/en\/wp-json\/wp\/v2\/pages\/123\/revisions"}],"wp:attachment":[{"href":"https:\/\/ashtangayogabh.com.br\/en\/wp-json\/wp\/v2\/media?parent=123"}],"curies":[{"name":"wp","href":"https:\/\/api.w.org\/{rel}","templated":true}]}}