{"id":121,"date":"2023-08-14T16:39:39","date_gmt":"2023-08-14T16:39:39","guid":{"rendered":"https:\/\/ashtangayogabh.com.br\/?page_id=121"},"modified":"2023-09-14T21:43:45","modified_gmt":"2023-09-14T21:43:45","slug":"junior-by-jay","status":"publish","type":"page","link":"https:\/\/ashtangayogabh.com.br\/en\/junior-by-jay\/","title":{"rendered":"Junior by Jay"},"content":{"rendered":"\t\t<div data-elementor-type=\"wp-page\" data-elementor-id=\"121\" class=\"elementor elementor-121\">\n\t\t\t\t<div class=\"elementor-element elementor-element-63462e3 juniorbyjay e-flex e-con-boxed e-con e-parent\" data-id=\"63462e3\" data-element_type=\"container\" data-e-type=\"container\">\n\t\t\t\t\t<div class=\"e-con-inner\">\n\t\t<div class=\"elementor-element elementor-element-78de647 e-con-full e-flex e-con e-child\" data-id=\"78de647\" data-element_type=\"container\" data-e-type=\"container\">\n\t\t\t\t<\/div>\n\t\t<div class=\"elementor-element elementor-element-1b85e5c e-con-full e-flex e-con e-child\" data-id=\"1b85e5c\" data-element_type=\"container\" data-e-type=\"container\">\n\t\t\t\t<div class=\"elementor-element elementor-element-2ea585b elementor-widget elementor-widget-heading\" data-id=\"2ea585b\" data-element_type=\"widget\" data-e-type=\"widget\" data-widget_type=\"heading.default\">\n\t\t\t\t<div class=\"elementor-widget-container\">\n\t\t\t\t\t<h2 class=\"elementor-heading-title elementor-size-default\">JUNIOR by JAY<\/h2>\t\t\t\t<\/div>\n\t\t\t\t<\/div>\n\t\t\t\t<div class=\"elementor-element elementor-element-5cb4541 elementor-widget elementor-widget-text-editor\" data-id=\"5cb4541\" data-element_type=\"widget\" data-e-type=\"widget\" data-widget_type=\"text-editor.default\">\n\t\t\t\t<div class=\"elementor-widget-container\">\n\t\t\t\t\t\t\t\t\t<p>Junior is from S\u00e3o Paulo, and began his search for the path and knowledge of yoga at the age of 13, in the Hare Krishna movement. At 17, he became a monk and lived for a few years with his Guru Param Gati Prabhuji. For years he toured some monasteries and seminaries of Hindu theology. In 2006, he received an International BhaktiShastri (India) degree in care from Dhanvantare Swami. In addition to training in Hatha Yoga in 2007, his certificate was sealed by the Indian Consulate in Minas Gerais. Junior, before being a teacher, is a daily practitioner of Ashtanga Yoga as he learned from his teacher Matthew Vollmer. In 2015 he began his travels to Mysore (South India) where he holds his studies and annual practices with his guru Sharathji. Today he is responsible for the Goura Shala project in Belo Horizonte, teaching classes and traveling to seminars and practices.<\/p>\t\t\t\t\t\t\t\t<\/div>\n\t\t\t\t<\/div>\n\t\t\t\t<\/div>\n\t\t\t\t\t<\/div>\n\t\t\t\t<\/div>\n\t\t\t\t<\/div>\n\t\t","protected":false},"excerpt":{"rendered":"<p>JUNIOR by JAY Junior is from S\u00e3o Paulo, and began his search for the path and knowledge of yoga at the age of 13, in the Hare Krishna movement. At 17, he became a monk and lived for a few years with his Guru Param Gati Prabhuji. For years he toured some monasteries and seminaries [&hellip;]<\/p>\n","protected":false},"author":2,"featured_media":0,"parent":0,"menu_order":0,"comment_status":"closed","ping_status":"closed","template":"","meta":{"_joinchat":[],"footnotes":""},"class_list":["post-121","page","type-page","status-publish","hentry"],"yoast_head":"<!-- This site is optimized with the Yoast SEO plugin v27.4 - https:\/\/yoast.com\/product\/yoast-seo-wordpress\/ -->\n<title>Junior by Jay - Ashtanga Yoga BH<\/title>\n<meta name=\"description\" content=\"Goura Shala \u00e9 um est\u00fadio de Ashtanga Yoga situado num lugar acess\u00edvel e agrad\u00e1vel na regi\u00e3o central de Belo Horizonte.\" \/>\n<meta name=\"robots\" content=\"index, follow, max-snippet:-1, max-image-preview:large, max-video-preview:-1\" \/>\n<link rel=\"canonical\" href=\"https:\/\/ashtangayogabh.com.br\/junior-by-jay\/\" \/>\n<meta property=\"og:locale\" content=\"en_US\" \/>\n<meta property=\"og:type\" content=\"article\" \/>\n<meta property=\"og:title\" content=\"[:pb]Junior by Jay[:en]Junior by Jay[:] - Ashtanga Yoga BH\" \/>\n<meta property=\"og:description\" content=\"Goura Shala \u00e9 um est\u00fadio de Ashtanga Yoga situado num lugar acess\u00edvel e agrad\u00e1vel na regi\u00e3o central de Belo Horizonte.\" \/>\n<meta property=\"og:url\" content=\"https:\/\/ashtangayogabh.com.br\/junior-by-jay\/\" \/>\n<meta property=\"og:site_name\" content=\"Ashtanga Yoga BH\" \/>\n<meta property=\"article:publisher\" content=\"https:\/\/www.facebook.com\/yogabh\" \/>\n<meta property=\"article:modified_time\" content=\"2023-09-14T21:43:45+00:00\" \/>\n<meta name=\"twitter:card\" content=\"summary_large_image\" \/>\n<meta name=\"twitter:label1\" content=\"Est. reading time\" \/>\n\t<meta name=\"twitter:data1\" content=\"2 minutes\" \/>\n<script type=\"application\/ld+json\" class=\"yoast-schema-graph\">{\"@context\":\"https:\\\/\\\/schema.org\",\"@graph\":[{\"@type\":\"WebPage\",\"@id\":\"https:\\\/\\\/ashtangayogabh.com.br\\\/junior-by-jay\\\/\",\"url\":\"https:\\\/\\\/ashtangayogabh.com.br\\\/junior-by-jay\\\/\",\"name\":\"[:pb]Junior by Jay[:en]Junior by Jay[:] - Ashtanga Yoga BH\",\"isPartOf\":{\"@id\":\"https:\\\/\\\/ashtangayogabh.com.br\\\/#website\"},\"datePublished\":\"2023-08-14T16:39:39+00:00\",\"dateModified\":\"2023-09-14T21:43:45+00:00\",\"description\":\"Goura Shala \u00e9 um est\u00fadio de Ashtanga Yoga situado num lugar acess\u00edvel e agrad\u00e1vel na regi\u00e3o central de Belo Horizonte.\",\"breadcrumb\":{\"@id\":\"https:\\\/\\\/ashtangayogabh.com.br\\\/junior-by-jay\\\/#breadcrumb\"},\"inLanguage\":\"en-US\",\"potentialAction\":[{\"@type\":\"ReadAction\",\"target\":[\"https:\\\/\\\/ashtangayogabh.com.br\\\/junior-by-jay\\\/\"]}]},{\"@type\":\"BreadcrumbList\",\"@id\":\"https:\\\/\\\/ashtangayogabh.com.br\\\/junior-by-jay\\\/#breadcrumb\",\"itemListElement\":[{\"@type\":\"ListItem\",\"position\":1,\"name\":\"In\u00edcio\",\"item\":\"https:\\\/\\\/ashtangayogabh.com.br\\\/\"},{\"@type\":\"ListItem\",\"position\":2,\"name\":\"[:pb]Junior by Jay[:en]Junior by Jay[:]\"}]},{\"@type\":\"WebSite\",\"@id\":\"https:\\\/\\\/ashtangayogabh.com.br\\\/#website\",\"url\":\"https:\\\/\\\/ashtangayogabh.com.br\\\/\",\"name\":\"Ashtanga Yoga BH\",\"description\":\"Ashtanga Yoga | Belo Horizonte\",\"publisher\":{\"@id\":\"https:\\\/\\\/ashtangayogabh.com.br\\\/#organization\"},\"alternateName\":\"Ashtanga Yoga Belo Horizonte\",\"potentialAction\":[{\"@type\":\"SearchAction\",\"target\":{\"@type\":\"EntryPoint\",\"urlTemplate\":\"https:\\\/\\\/ashtangayogabh.com.br\\\/?s={search_term_string}\"},\"query-input\":{\"@type\":\"PropertyValueSpecification\",\"valueRequired\":true,\"valueName\":\"search_term_string\"}}],\"inLanguage\":\"en-US\"},{\"@type\":\"Organization\",\"@id\":\"https:\\\/\\\/ashtangayogabh.com.br\\\/#organization\",\"name\":\"Ashtanga Yoga BH\",\"alternateName\":\"Ashtanga Yoga Belo Horizonte\",\"url\":\"https:\\\/\\\/ashtangayogabh.com.br\\\/\",\"logo\":{\"@type\":\"ImageObject\",\"inLanguage\":\"en-US\",\"@id\":\"https:\\\/\\\/ashtangayogabh.com.br\\\/#\\\/schema\\\/logo\\\/image\\\/\",\"url\":\"https:\\\/\\\/ashtangayogabh.com.br\\\/wp-content\\\/uploads\\\/2023\\\/07\\\/logo-gourashala-100.png\",\"contentUrl\":\"https:\\\/\\\/ashtangayogabh.com.br\\\/wp-content\\\/uploads\\\/2023\\\/07\\\/logo-gourashala-100.png\",\"width\":148,\"height\":100,\"caption\":\"Ashtanga Yoga BH\"},\"image\":{\"@id\":\"https:\\\/\\\/ashtangayogabh.com.br\\\/#\\\/schema\\\/logo\\\/image\\\/\"},\"sameAs\":[\"https:\\\/\\\/www.facebook.com\\\/yogabh\",\"https:\\\/\\\/www.instagram.com\\\/ashtanga_yoga_bh\\\/\"]}]}<\/script>\n<!-- \/ Yoast SEO plugin. -->","yoast_head_json":{"title":"[:pb]Junior by Jay[:en]Junior by Jay[:] - Ashtanga Yoga BH","description":"Goura Shala \u00e9 um est\u00fadio de Ashtanga Yoga situado num lugar acess\u00edvel e agrad\u00e1vel na regi\u00e3o central de Belo Horizonte.","robots":{"index":"index","follow":"follow","max-snippet":"max-snippet:-1","max-image-preview":"max-image-preview:large","max-video-preview":"max-video-preview:-1"},"canonical":"https:\/\/ashtangayogabh.com.br\/junior-by-jay\/","og_locale":"en_US","og_type":"article","og_title":"[:pb]Junior by Jay[:en]Junior by Jay[:] - Ashtanga Yoga BH","og_description":"Goura Shala \u00e9 um est\u00fadio de Ashtanga Yoga situado num lugar acess\u00edvel e agrad\u00e1vel na regi\u00e3o central de Belo Horizonte.","og_url":"https:\/\/ashtangayogabh.com.br\/junior-by-jay\/","og_site_name":"Ashtanga Yoga BH","article_publisher":"https:\/\/www.facebook.com\/yogabh","article_modified_time":"2023-09-14T21:43:45+00:00","twitter_card":"summary_large_image","twitter_misc":{"Est. reading time":"2 minutes"},"schema":{"@context":"https:\/\/schema.org","@graph":[{"@type":"WebPage","@id":"https:\/\/ashtangayogabh.com.br\/junior-by-jay\/","url":"https:\/\/ashtangayogabh.com.br\/junior-by-jay\/","name":"[:pb]Junior by Jay[:en]Junior by Jay[:] - Ashtanga Yoga BH","isPartOf":{"@id":"https:\/\/ashtangayogabh.com.br\/#website"},"datePublished":"2023-08-14T16:39:39+00:00","dateModified":"2023-09-14T21:43:45+00:00","description":"Goura Shala \u00e9 um est\u00fadio de Ashtanga Yoga situado num lugar acess\u00edvel e agrad\u00e1vel na regi\u00e3o central de Belo Horizonte.","breadcrumb":{"@id":"https:\/\/ashtangayogabh.com.br\/junior-by-jay\/#breadcrumb"},"inLanguage":"en-US","potentialAction":[{"@type":"ReadAction","target":["https:\/\/ashtangayogabh.com.br\/junior-by-jay\/"]}]},{"@type":"BreadcrumbList","@id":"https:\/\/ashtangayogabh.com.br\/junior-by-jay\/#breadcrumb","itemListElement":[{"@type":"ListItem","position":1,"name":"In\u00edcio","item":"https:\/\/ashtangayogabh.com.br\/"},{"@type":"ListItem","position":2,"name":"[:pb]Junior by Jay[:en]Junior by Jay[:]"}]},{"@type":"WebSite","@id":"https:\/\/ashtangayogabh.com.br\/#website","url":"https:\/\/ashtangayogabh.com.br\/","name":"Ashtanga Yoga BH","description":"Ashtanga Yoga | Belo Horizonte","publisher":{"@id":"https:\/\/ashtangayogabh.com.br\/#organization"},"alternateName":"Ashtanga Yoga Belo Horizonte","potentialAction":[{"@type":"SearchAction","target":{"@type":"EntryPoint","urlTemplate":"https:\/\/ashtangayogabh.com.br\/?s={search_term_string}"},"query-input":{"@type":"PropertyValueSpecification","valueRequired":true,"valueName":"search_term_string"}}],"inLanguage":"en-US"},{"@type":"Organization","@id":"https:\/\/ashtangayogabh.com.br\/#organization","name":"Ashtanga Yoga BH","alternateName":"Ashtanga Yoga Belo Horizonte","url":"https:\/\/ashtangayogabh.com.br\/","logo":{"@type":"ImageObject","inLanguage":"en-US","@id":"https:\/\/ashtangayogabh.com.br\/#\/schema\/logo\/image\/","url":"https:\/\/ashtangayogabh.com.br\/wp-content\/uploads\/2023\/07\/logo-gourashala-100.png","contentUrl":"https:\/\/ashtangayogabh.com.br\/wp-content\/uploads\/2023\/07\/logo-gourashala-100.png","width":148,"height":100,"caption":"Ashtanga Yoga BH"},"image":{"@id":"https:\/\/ashtangayogabh.com.br\/#\/schema\/logo\/image\/"},"sameAs":["https:\/\/www.facebook.com\/yogabh","https:\/\/www.instagram.com\/ashtanga_yoga_bh\/"]}]}},"_links":{"self":[{"href":"https:\/\/ashtangayogabh.com.br\/en\/wp-json\/wp\/v2\/pages\/121","targetHints":{"allow":["GET"]}}],"collection":[{"href":"https:\/\/ashtangayogabh.com.br\/en\/wp-json\/wp\/v2\/pages"}],"about":[{"href":"https:\/\/ashtangayogabh.com.br\/en\/wp-json\/wp\/v2\/types\/page"}],"author":[{"embeddable":true,"href":"https:\/\/ashtangayogabh.com.br\/en\/wp-json\/wp\/v2\/users\/2"}],"replies":[{"embeddable":true,"href":"https:\/\/ashtangayogabh.com.br\/en\/wp-json\/wp\/v2\/comments?post=121"}],"version-history":[{"count":0,"href":"https:\/\/ashtangayogabh.com.br\/en\/wp-json\/wp\/v2\/pages\/121\/revisions"}],"wp:attachment":[{"href":"https:\/\/ashtangayogabh.com.br\/en\/wp-json\/wp\/v2\/media?parent=121"}],"curies":[{"name":"wp","href":"https:\/\/api.w.org\/{rel}","templated":true}]}}