{"id":12,"date":"2023-07-22T13:20:44","date_gmt":"2023-07-22T13:20:44","guid":{"rendered":"https:\/\/ashtangayogabh.com.br\/?page_id=12"},"modified":"2023-09-14T21:00:07","modified_gmt":"2023-09-14T21:00:07","slug":"sobre-nos","status":"publish","type":"page","link":"https:\/\/ashtangayogabh.com.br\/en\/sobre-nos\/","title":{"rendered":"About US"},"content":{"rendered":"\t\t<div data-elementor-type=\"wp-page\" data-elementor-id=\"12\" class=\"elementor elementor-12\">\n\t\t\t\t<div class=\"elementor-element elementor-element-457166e e-con-full e-flex e-con e-parent\" data-id=\"457166e\" data-element_type=\"container\" data-e-type=\"container\" data-settings=\"{&quot;background_background&quot;:&quot;classic&quot;}\">\n\t\t<div class=\"elementor-element elementor-element-8eec65d e-con-full e-flex e-con e-child\" data-id=\"8eec65d\" data-element_type=\"container\" data-e-type=\"container\">\n\t\t\t\t<div class=\"elementor-element elementor-element-85dc486 elementor-widget elementor-widget-image\" data-id=\"85dc486\" data-element_type=\"widget\" data-e-type=\"widget\" data-widget_type=\"image.default\">\n\t\t\t\t<div class=\"elementor-widget-container\">\n\t\t\t\t\t\t\t\t\t\t\t\t\t\t\t<img fetchpriority=\"high\" decoding=\"async\" width=\"800\" height=\"879\" src=\"https:\/\/ashtangayogabh.com.br\/wp-content\/uploads\/2023\/08\/goura-shala-sobre-about-932x1024.jpg\" class=\"attachment-large size-large wp-image-292\" alt=\"\" srcset=\"https:\/\/ashtangayogabh.com.br\/wp-content\/uploads\/2023\/08\/goura-shala-sobre-about-932x1024.jpg 932w, https:\/\/ashtangayogabh.com.br\/wp-content\/uploads\/2023\/08\/goura-shala-sobre-about-273x300.jpg 273w, https:\/\/ashtangayogabh.com.br\/wp-content\/uploads\/2023\/08\/goura-shala-sobre-about-768x844.jpg 768w, https:\/\/ashtangayogabh.com.br\/wp-content\/uploads\/2023\/08\/goura-shala-sobre-about.jpg 1365w\" sizes=\"(max-width: 800px) 100vw, 800px\" \/>\t\t\t\t\t\t\t\t\t\t\t\t\t\t\t<\/div>\n\t\t\t\t<\/div>\n\t\t\t\t<\/div>\n\t\t<div class=\"elementor-element elementor-element-206cd3d e-con-full e-flex e-con e-child\" data-id=\"206cd3d\" data-element_type=\"container\" data-e-type=\"container\">\n\t\t\t\t<div class=\"elementor-element elementor-element-d2dcf01 elementor-widget elementor-widget-heading\" data-id=\"d2dcf01\" data-element_type=\"widget\" data-e-type=\"widget\" data-widget_type=\"heading.default\">\n\t\t\t\t<div class=\"elementor-widget-container\">\n\t\t\t\t\t<h2 class=\"elementor-heading-title elementor-size-default\">GOURA SHALA<\/h2>\t\t\t\t<\/div>\n\t\t\t\t<\/div>\n\t\t\t\t<div class=\"elementor-element elementor-element-67422e0 elementor-widget elementor-widget-text-editor\" data-id=\"67422e0\" data-element_type=\"widget\" data-e-type=\"widget\" data-widget_type=\"text-editor.default\">\n\t\t\t\t<div class=\"elementor-widget-container\">\n\t\t\t\t\t\t\t\t\t<p>Better known as Ashtanga Yoga BH is a space specializing in traditional practice as taught in India. With more than a decade dedicated to sincere and effective teaching, where more than two thousand students have already passed through the space having the opportunity to learn, develop and experience yoga in its deepest sense, self-knowledge! The method enables not only physical development, but mainly detoxification of the body and mind control, favoring a healthier and more balanced life, providing an even deeper approach.<\/p>\t\t\t\t\t\t\t\t<\/div>\n\t\t\t\t<\/div>\n\t\t\t\t<\/div>\n\t\t\t\t<\/div>\n\t\t\t\t<\/div>\n\t\t","protected":false},"excerpt":{"rendered":"<p>GOURA SHALA Better known as Ashtanga Yoga BH is a space specializing in traditional practice as taught in India. With more than a decade dedicated to sincere and effective teaching, where more than two thousand students have already passed through the space having the opportunity to learn, develop and experience yoga in its deepest sense, [&hellip;]<\/p>\n","protected":false},"author":2,"featured_media":0,"parent":0,"menu_order":0,"comment_status":"closed","ping_status":"closed","template":"","meta":{"_joinchat":[],"footnotes":""},"class_list":["post-12","page","type-page","status-publish","hentry"],"yoast_head":"<!-- This site is optimized with the Yoast SEO plugin v27.4 - https:\/\/yoast.com\/product\/yoast-seo-wordpress\/ -->\n<title>About US - Ashtanga Yoga BH<\/title>\n<meta name=\"description\" content=\"Goura Shala \u00e9 um est\u00fadio de Ashtanga Yoga situado num lugar acess\u00edvel e agrad\u00e1vel na regi\u00e3o central de Belo Horizonte.\" \/>\n<meta name=\"robots\" content=\"index, follow, max-snippet:-1, max-image-preview:large, max-video-preview:-1\" \/>\n<link rel=\"canonical\" href=\"https:\/\/ashtangayogabh.com.br\/sobre-nos\/\" \/>\n<meta property=\"og:locale\" content=\"en_US\" \/>\n<meta property=\"og:type\" content=\"article\" \/>\n<meta property=\"og:title\" content=\"[:pb]Sobre N\u00f3s[:en]About US[:] - Ashtanga Yoga BH\" \/>\n<meta property=\"og:description\" content=\"Goura Shala \u00e9 um est\u00fadio de Ashtanga Yoga situado num lugar acess\u00edvel e agrad\u00e1vel na regi\u00e3o central de Belo Horizonte.\" \/>\n<meta property=\"og:url\" content=\"https:\/\/ashtangayogabh.com.br\/sobre-nos\/\" \/>\n<meta property=\"og:site_name\" content=\"Ashtanga Yoga BH\" \/>\n<meta property=\"article:publisher\" content=\"https:\/\/www.facebook.com\/yogabh\" \/>\n<meta property=\"article:modified_time\" content=\"2023-09-14T21:00:07+00:00\" \/>\n<meta property=\"og:image\" content=\"https:\/\/ashtangayogabh.com.br\/wp-content\/uploads\/2023\/08\/goura-shala-sobre-about-932x1024.jpg\" \/>\n<meta name=\"twitter:card\" content=\"summary_large_image\" \/>\n<meta name=\"twitter:label1\" content=\"Est. reading time\" \/>\n\t<meta name=\"twitter:data1\" content=\"2 minutes\" \/>\n<script type=\"application\/ld+json\" class=\"yoast-schema-graph\">{\"@context\":\"https:\\\/\\\/schema.org\",\"@graph\":[{\"@type\":\"WebPage\",\"@id\":\"https:\\\/\\\/ashtangayogabh.com.br\\\/sobre-nos\\\/\",\"url\":\"https:\\\/\\\/ashtangayogabh.com.br\\\/sobre-nos\\\/\",\"name\":\"[:pb]Sobre N\u00f3s[:en]About US[:] - Ashtanga Yoga BH\",\"isPartOf\":{\"@id\":\"https:\\\/\\\/ashtangayogabh.com.br\\\/#website\"},\"primaryImageOfPage\":{\"@id\":\"https:\\\/\\\/ashtangayogabh.com.br\\\/sobre-nos\\\/#primaryimage\"},\"image\":{\"@id\":\"https:\\\/\\\/ashtangayogabh.com.br\\\/sobre-nos\\\/#primaryimage\"},\"thumbnailUrl\":\"https:\\\/\\\/ashtangayogabh.com.br\\\/wp-content\\\/uploads\\\/2023\\\/08\\\/goura-shala-sobre-about-932x1024.jpg\",\"datePublished\":\"2023-07-22T13:20:44+00:00\",\"dateModified\":\"2023-09-14T21:00:07+00:00\",\"description\":\"Goura Shala \u00e9 um est\u00fadio de Ashtanga Yoga situado num lugar acess\u00edvel e agrad\u00e1vel na regi\u00e3o central de Belo Horizonte.\",\"breadcrumb\":{\"@id\":\"https:\\\/\\\/ashtangayogabh.com.br\\\/sobre-nos\\\/#breadcrumb\"},\"inLanguage\":\"en-US\",\"potentialAction\":[{\"@type\":\"ReadAction\",\"target\":[\"https:\\\/\\\/ashtangayogabh.com.br\\\/sobre-nos\\\/\"]}]},{\"@type\":\"ImageObject\",\"inLanguage\":\"en-US\",\"@id\":\"https:\\\/\\\/ashtangayogabh.com.br\\\/sobre-nos\\\/#primaryimage\",\"url\":\"https:\\\/\\\/ashtangayogabh.com.br\\\/wp-content\\\/uploads\\\/2023\\\/08\\\/goura-shala-sobre-about-932x1024.jpg\",\"contentUrl\":\"https:\\\/\\\/ashtangayogabh.com.br\\\/wp-content\\\/uploads\\\/2023\\\/08\\\/goura-shala-sobre-about-932x1024.jpg\"},{\"@type\":\"BreadcrumbList\",\"@id\":\"https:\\\/\\\/ashtangayogabh.com.br\\\/sobre-nos\\\/#breadcrumb\",\"itemListElement\":[{\"@type\":\"ListItem\",\"position\":1,\"name\":\"In\u00edcio\",\"item\":\"https:\\\/\\\/ashtangayogabh.com.br\\\/\"},{\"@type\":\"ListItem\",\"position\":2,\"name\":\"[:pb]Sobre N\u00f3s[:en]About US[:]\"}]},{\"@type\":\"WebSite\",\"@id\":\"https:\\\/\\\/ashtangayogabh.com.br\\\/#website\",\"url\":\"https:\\\/\\\/ashtangayogabh.com.br\\\/\",\"name\":\"Ashtanga Yoga BH\",\"description\":\"Ashtanga Yoga | Belo Horizonte\",\"publisher\":{\"@id\":\"https:\\\/\\\/ashtangayogabh.com.br\\\/#organization\"},\"alternateName\":\"Ashtanga Yoga Belo Horizonte\",\"potentialAction\":[{\"@type\":\"SearchAction\",\"target\":{\"@type\":\"EntryPoint\",\"urlTemplate\":\"https:\\\/\\\/ashtangayogabh.com.br\\\/?s={search_term_string}\"},\"query-input\":{\"@type\":\"PropertyValueSpecification\",\"valueRequired\":true,\"valueName\":\"search_term_string\"}}],\"inLanguage\":\"en-US\"},{\"@type\":\"Organization\",\"@id\":\"https:\\\/\\\/ashtangayogabh.com.br\\\/#organization\",\"name\":\"Ashtanga Yoga BH\",\"alternateName\":\"Ashtanga Yoga Belo Horizonte\",\"url\":\"https:\\\/\\\/ashtangayogabh.com.br\\\/\",\"logo\":{\"@type\":\"ImageObject\",\"inLanguage\":\"en-US\",\"@id\":\"https:\\\/\\\/ashtangayogabh.com.br\\\/#\\\/schema\\\/logo\\\/image\\\/\",\"url\":\"https:\\\/\\\/ashtangayogabh.com.br\\\/wp-content\\\/uploads\\\/2023\\\/07\\\/logo-gourashala-100.png\",\"contentUrl\":\"https:\\\/\\\/ashtangayogabh.com.br\\\/wp-content\\\/uploads\\\/2023\\\/07\\\/logo-gourashala-100.png\",\"width\":148,\"height\":100,\"caption\":\"Ashtanga Yoga BH\"},\"image\":{\"@id\":\"https:\\\/\\\/ashtangayogabh.com.br\\\/#\\\/schema\\\/logo\\\/image\\\/\"},\"sameAs\":[\"https:\\\/\\\/www.facebook.com\\\/yogabh\",\"https:\\\/\\\/www.instagram.com\\\/ashtanga_yoga_bh\\\/\"]}]}<\/script>\n<!-- \/ Yoast SEO plugin. -->","yoast_head_json":{"title":"[:pb]Sobre N\u00f3s[:en]About US[:] - Ashtanga Yoga BH","description":"Goura Shala \u00e9 um est\u00fadio de Ashtanga Yoga situado num lugar acess\u00edvel e agrad\u00e1vel na regi\u00e3o central de Belo Horizonte.","robots":{"index":"index","follow":"follow","max-snippet":"max-snippet:-1","max-image-preview":"max-image-preview:large","max-video-preview":"max-video-preview:-1"},"canonical":"https:\/\/ashtangayogabh.com.br\/sobre-nos\/","og_locale":"en_US","og_type":"article","og_title":"[:pb]Sobre N\u00f3s[:en]About US[:] - Ashtanga Yoga BH","og_description":"Goura Shala \u00e9 um est\u00fadio de Ashtanga Yoga situado num lugar acess\u00edvel e agrad\u00e1vel na regi\u00e3o central de Belo Horizonte.","og_url":"https:\/\/ashtangayogabh.com.br\/sobre-nos\/","og_site_name":"Ashtanga Yoga BH","article_publisher":"https:\/\/www.facebook.com\/yogabh","article_modified_time":"2023-09-14T21:00:07+00:00","og_image":[{"url":"https:\/\/ashtangayogabh.com.br\/wp-content\/uploads\/2023\/08\/goura-shala-sobre-about-932x1024.jpg","type":"","width":"","height":""}],"twitter_card":"summary_large_image","twitter_misc":{"Est. reading time":"2 minutes"},"schema":{"@context":"https:\/\/schema.org","@graph":[{"@type":"WebPage","@id":"https:\/\/ashtangayogabh.com.br\/sobre-nos\/","url":"https:\/\/ashtangayogabh.com.br\/sobre-nos\/","name":"[:pb]Sobre N\u00f3s[:en]About US[:] - Ashtanga Yoga BH","isPartOf":{"@id":"https:\/\/ashtangayogabh.com.br\/#website"},"primaryImageOfPage":{"@id":"https:\/\/ashtangayogabh.com.br\/sobre-nos\/#primaryimage"},"image":{"@id":"https:\/\/ashtangayogabh.com.br\/sobre-nos\/#primaryimage"},"thumbnailUrl":"https:\/\/ashtangayogabh.com.br\/wp-content\/uploads\/2023\/08\/goura-shala-sobre-about-932x1024.jpg","datePublished":"2023-07-22T13:20:44+00:00","dateModified":"2023-09-14T21:00:07+00:00","description":"Goura Shala \u00e9 um est\u00fadio de Ashtanga Yoga situado num lugar acess\u00edvel e agrad\u00e1vel na regi\u00e3o central de Belo Horizonte.","breadcrumb":{"@id":"https:\/\/ashtangayogabh.com.br\/sobre-nos\/#breadcrumb"},"inLanguage":"en-US","potentialAction":[{"@type":"ReadAction","target":["https:\/\/ashtangayogabh.com.br\/sobre-nos\/"]}]},{"@type":"ImageObject","inLanguage":"en-US","@id":"https:\/\/ashtangayogabh.com.br\/sobre-nos\/#primaryimage","url":"https:\/\/ashtangayogabh.com.br\/wp-content\/uploads\/2023\/08\/goura-shala-sobre-about-932x1024.jpg","contentUrl":"https:\/\/ashtangayogabh.com.br\/wp-content\/uploads\/2023\/08\/goura-shala-sobre-about-932x1024.jpg"},{"@type":"BreadcrumbList","@id":"https:\/\/ashtangayogabh.com.br\/sobre-nos\/#breadcrumb","itemListElement":[{"@type":"ListItem","position":1,"name":"In\u00edcio","item":"https:\/\/ashtangayogabh.com.br\/"},{"@type":"ListItem","position":2,"name":"[:pb]Sobre N\u00f3s[:en]About US[:]"}]},{"@type":"WebSite","@id":"https:\/\/ashtangayogabh.com.br\/#website","url":"https:\/\/ashtangayogabh.com.br\/","name":"Ashtanga Yoga BH","description":"Ashtanga Yoga | Belo Horizonte","publisher":{"@id":"https:\/\/ashtangayogabh.com.br\/#organization"},"alternateName":"Ashtanga Yoga Belo Horizonte","potentialAction":[{"@type":"SearchAction","target":{"@type":"EntryPoint","urlTemplate":"https:\/\/ashtangayogabh.com.br\/?s={search_term_string}"},"query-input":{"@type":"PropertyValueSpecification","valueRequired":true,"valueName":"search_term_string"}}],"inLanguage":"en-US"},{"@type":"Organization","@id":"https:\/\/ashtangayogabh.com.br\/#organization","name":"Ashtanga Yoga BH","alternateName":"Ashtanga Yoga Belo Horizonte","url":"https:\/\/ashtangayogabh.com.br\/","logo":{"@type":"ImageObject","inLanguage":"en-US","@id":"https:\/\/ashtangayogabh.com.br\/#\/schema\/logo\/image\/","url":"https:\/\/ashtangayogabh.com.br\/wp-content\/uploads\/2023\/07\/logo-gourashala-100.png","contentUrl":"https:\/\/ashtangayogabh.com.br\/wp-content\/uploads\/2023\/07\/logo-gourashala-100.png","width":148,"height":100,"caption":"Ashtanga Yoga BH"},"image":{"@id":"https:\/\/ashtangayogabh.com.br\/#\/schema\/logo\/image\/"},"sameAs":["https:\/\/www.facebook.com\/yogabh","https:\/\/www.instagram.com\/ashtanga_yoga_bh\/"]}]}},"_links":{"self":[{"href":"https:\/\/ashtangayogabh.com.br\/en\/wp-json\/wp\/v2\/pages\/12","targetHints":{"allow":["GET"]}}],"collection":[{"href":"https:\/\/ashtangayogabh.com.br\/en\/wp-json\/wp\/v2\/pages"}],"about":[{"href":"https:\/\/ashtangayogabh.com.br\/en\/wp-json\/wp\/v2\/types\/page"}],"author":[{"embeddable":true,"href":"https:\/\/ashtangayogabh.com.br\/en\/wp-json\/wp\/v2\/users\/2"}],"replies":[{"embeddable":true,"href":"https:\/\/ashtangayogabh.com.br\/en\/wp-json\/wp\/v2\/comments?post=12"}],"version-history":[{"count":0,"href":"https:\/\/ashtangayogabh.com.br\/en\/wp-json\/wp\/v2\/pages\/12\/revisions"}],"wp:attachment":[{"href":"https:\/\/ashtangayogabh.com.br\/en\/wp-json\/wp\/v2\/media?parent=12"}],"curies":[{"name":"wp","href":"https:\/\/api.w.org\/{rel}","templated":true}]}}